{"id":317,"date":"2021-12-09T16:06:14","date_gmt":"2021-12-09T16:06:14","guid":{"rendered":"https:\/\/leadinforma.it\/?page_id=317"},"modified":"2022-03-11T15:25:05","modified_gmt":"2022-03-11T15:25:05","slug":"fiery-xf-maggiori-informazioni","status":"publish","type":"page","link":"https:\/\/leadinforma.it\/fierydg\/?page_id=317","title":{"rendered":"Fiery XF, maggiori informazioni"},"content":{"rendered":"\t\t<div data-elementor-type=\"wp-page\" data-elementor-id=\"317\" class=\"elementor elementor-317\" data-elementor-settings=\"[]\">\n\t\t\t\t\t\t\t<div class=\"elementor-section-wrap\">\n\t\t\t\t\t\t\t<section class=\"elementor-section elementor-top-section elementor-element elementor-element-d72bd50 elementor-section-content-middle elementor-section-boxed elementor-section-height-default elementor-section-height-default\" data-id=\"d72bd50\" data-element_type=\"section\">\n\t\t\t\t\t\t<div class=\"elementor-container elementor-column-gap-default\">\n\t\t\t\t\t<div class=\"aux-parallax-section elementor-column elementor-col-33 elementor-top-column elementor-element elementor-element-2aedfa2\" data-id=\"2aedfa2\" data-element_type=\"column\">\n\t\t\t<div class=\"elementor-widget-wrap elementor-element-populated\">\n\t\t\t\t\t\t\t\t<div class=\"elementor-element elementor-element-0104b53 elementor-widget elementor-widget-image\" data-id=\"0104b53\" data-element_type=\"widget\" data-widget_type=\"image.default\">\n\t\t\t\t<div class=\"elementor-widget-container\">\n\t\t\t<style>\/*! elementor - v3.5.6 - 28-02-2022 *\/\n.elementor-widget-image{text-align:center}.elementor-widget-image a{display:inline-block}.elementor-widget-image a img[src$=\".svg\"]{width:48px}.elementor-widget-image img{vertical-align:middle;display:inline-block}<\/style>\t\t\t\t\t\t\t\t\t\t\t\t\t<a href=\"https:\/\/videos.efi.com\/watch\/4phmhajHxuCA2b4P6HhqUy?\">\n\t\t\t\t\t\t\t<img loading=\"lazy\" decoding=\"async\" width=\"280\" height=\"180\" src=\"https:\/\/leadinforma.it\/fierydg\/wp-content\/uploads\/2021\/12\/Picture1-280x180.png\" class=\"attachment-post-thumbnail size-post-thumbnail\" alt=\"\" \/>\t\t\t\t\t\t\t\t<\/a>\n\t\t\t\t\t\t\t\t\t\t\t\t\t\t\t<\/div>\n\t\t\t\t<\/div>\n\t\t\t\t\t<\/div>\n\t\t<\/div>\n\t\t\t\t<div class=\"aux-parallax-section elementor-column elementor-col-66 elementor-top-column elementor-element elementor-element-b2cf889\" data-id=\"b2cf889\" data-element_type=\"column\">\n\t\t\t<div class=\"elementor-widget-wrap elementor-element-populated\">\n\t\t\t\t\t\t\t\t<div class=\"elementor-element elementor-element-80cfb26 elementor-widget elementor-widget-text-editor\" data-id=\"80cfb26\" data-element_type=\"widget\" data-widget_type=\"text-editor.default\">\n\t\t\t\t<div class=\"elementor-widget-container\">\n\t\t\t<style>\/*! elementor - v3.5.6 - 28-02-2022 *\/\n.elementor-widget-text-editor.elementor-drop-cap-view-stacked .elementor-drop-cap{background-color:#818a91;color:#fff}.elementor-widget-text-editor.elementor-drop-cap-view-framed .elementor-drop-cap{color:#818a91;border:3px solid;background-color:transparent}.elementor-widget-text-editor:not(.elementor-drop-cap-view-default) .elementor-drop-cap{margin-top:8px}.elementor-widget-text-editor:not(.elementor-drop-cap-view-default) .elementor-drop-cap-letter{width:1em;height:1em}.elementor-widget-text-editor .elementor-drop-cap{float:left;text-align:center;line-height:1;font-size:50px}.elementor-widget-text-editor .elementor-drop-cap-letter{display:inline-block}<\/style>\t\t\t\t<h3 class=\"print-tech-heading\" style=\"margin: 0px; padding: 0px; border: 0px; outline: 0px; font-size: 20px; vertical-align: baseline; color: #993333; font-weight: normal; line-height: normal; font-family: Museo300Regular, Arial; letter-spacing: normal;\">Gestione senza precedenti dei lavori di stampa<\/h3><div>\u00a0<\/div><ul style=\"margin-right: 0px; margin-bottom: 15px; margin-left: 10px; padding-left: 10px; border-width: 0px; border-style: initial; outline: 0px; font-size: 14px; vertical-align: baseline; list-style-position: initial; color: #222222; font-family: Roboto, sans-serif, Arial;\"><li style=\"margin-bottom: 3px; padding: 0px; border: 0px; outline: 0px; vertical-align: baseline; line-height: 1.7;\">Fiery XF 7 offre una nuova esperienza agli utenti con EFI Fiery Command WorkStation, l\u2019interfaccia pi\u00f9 nota a livello mondiale per la gestione, il layout e l\u2019editing dei lavori di stampa digitale. Questa soluzione si connette agevolmente a pi\u00f9 server Fiery contemporaneamente, sia che gestisca stampanti inkjet sia a foglio singolo, e connette pi\u00f9 stampanti a un unico server Fiery XF per una gestione realmente unificata dei lavori di stampa mediante un\u2019unica interfaccia. Lo strumento visivo Fiery Job Editor consente di applicare in corso d&#8217;opera impostazioni specifiche oppure di modificare le propriet\u00e0 oltre le impostazioni predefinite del flusso di lavoro. Fiery Job Center offre una gestione dei lavori di stampa impareggiabile, con la stessa potenza e usabilit\u00e0 per gli utenti di Microsoft<sup style=\"margin: 0px; padding: 0px; border: 0px; outline: 0px; font-size: 0.6em; vertical-align: super;\">\u00ae<\/sup>\u00a0Windows<sup style=\"margin: 0px; padding: 0px; border: 0px; outline: 0px; font-size: 0.6em; vertical-align: super;\">\u00ae<\/sup>\u00a0e di Apple<sup style=\"margin: 0px; padding: 0px; border: 0px; outline: 0px; font-size: 0.6em; vertical-align: super;\">\u00ae<\/sup>\u00a0\u00a0macOS<sup style=\"margin: 0px; padding: 0px; border: 0px; outline: 0px; font-size: 0.6em; vertical-align: super;\">\u00ae<\/sup>.<\/li><\/ul>\t\t\t\t\t\t<\/div>\n\t\t\t\t<\/div>\n\t\t\t\t\t<\/div>\n\t\t<\/div>\n\t\t\t\t\t\t\t<\/div>\n\t\t<\/section>\n\t\t\t\t<section class=\"elementor-section elementor-top-section elementor-element elementor-element-e1d9c9f elementor-section-content-middle elementor-section-boxed elementor-section-height-default elementor-section-height-default\" data-id=\"e1d9c9f\" data-element_type=\"section\">\n\t\t\t\t\t\t<div class=\"elementor-container elementor-column-gap-default\">\n\t\t\t\t\t<div class=\"aux-parallax-section elementor-column elementor-col-33 elementor-top-column elementor-element elementor-element-f4022b1\" data-id=\"f4022b1\" data-element_type=\"column\">\n\t\t\t<div class=\"elementor-widget-wrap elementor-element-populated\">\n\t\t\t\t\t\t\t\t<div class=\"elementor-element elementor-element-6588cae elementor-widget elementor-widget-image\" data-id=\"6588cae\" data-element_type=\"widget\" data-widget_type=\"image.default\">\n\t\t\t\t<div class=\"elementor-widget-container\">\n\t\t\t\t\t\t\t\t\t\t\t\t\t\t\t\t<a href=\"https:\/\/videos.efi.com\/watch\/QPrNE4KAvsLej9gQGk83MH?\">\n\t\t\t\t\t\t\t<img loading=\"lazy\" decoding=\"async\" width=\"280\" height=\"180\" src=\"https:\/\/leadinforma.it\/fierydg\/wp-content\/uploads\/2021\/12\/Picture2-280x180.png\" class=\"attachment-post-thumbnail size-post-thumbnail\" alt=\"\" \/>\t\t\t\t\t\t\t\t<\/a>\n\t\t\t\t\t\t\t\t\t\t\t\t\t\t\t<\/div>\n\t\t\t\t<\/div>\n\t\t\t\t\t<\/div>\n\t\t<\/div>\n\t\t\t\t<div class=\"aux-parallax-section elementor-column elementor-col-66 elementor-top-column elementor-element elementor-element-235c8d6\" data-id=\"235c8d6\" data-element_type=\"column\">\n\t\t\t<div class=\"elementor-widget-wrap elementor-element-populated\">\n\t\t\t\t\t\t\t\t<div class=\"elementor-element elementor-element-57e20a2 elementor-widget elementor-widget-text-editor\" data-id=\"57e20a2\" data-element_type=\"widget\" data-widget_type=\"text-editor.default\">\n\t\t\t\t<div class=\"elementor-widget-container\">\n\t\t\t\t\t\t\t<h3 class=\"print-tech-heading\" style=\"margin: 0px; padding: 0px; border: 0px; outline: 0px; font-size: 20px; vertical-align: baseline; color: #993333; font-weight: normal; line-height: normal; font-family: Museo300Regular, Arial; letter-spacing: normal;\">Massima produttivit\u00e0 e resa<\/h3><div>\u00a0<\/div><ul style=\"margin-right: 0px; margin-bottom: 15px; margin-left: 10px; padding-left: 10px; border-width: 0px; border-style: initial; outline: 0px; font-size: 14px; vertical-align: baseline; list-style-position: initial; color: #222222; font-family: Roboto, sans-serif, Arial;\"><li style=\"margin-bottom: 3px; padding: 0px; border: 0px; outline: 0px; vertical-align: baseline; line-height: 1.7;\">L\u2019esclusiva tecnologia FAST RIP di EFI, ora disponibile per gli utenti di Fiery XF, accelera l\u2019elaborazione dei file di 5 volte in media. Fiery XF 7 offre livelli di automazione adatti a tutti gli utenti e un\u2019interfaccia personalizzabile che pu\u00f2 essere adattata al modo in cui ciascun utente preferisce lavorare. La sua premiata interfaccia client interpiattaforma riduce le curve di apprendimento e crea efficienze di produzione in centri stampa con tecnologie miste, che si traducono in massima produttivit\u00e0 e massima resa.<\/li><\/ul>\t\t\t\t\t\t<\/div>\n\t\t\t\t<\/div>\n\t\t\t\t\t<\/div>\n\t\t<\/div>\n\t\t\t\t\t\t\t<\/div>\n\t\t<\/section>\n\t\t\t\t<section class=\"elementor-section elementor-top-section elementor-element elementor-element-fcc8d42 elementor-section-content-middle elementor-section-boxed elementor-section-height-default elementor-section-height-default\" data-id=\"fcc8d42\" data-element_type=\"section\">\n\t\t\t\t\t\t<div class=\"elementor-container elementor-column-gap-default\">\n\t\t\t\t\t<div class=\"aux-parallax-section elementor-column elementor-col-33 elementor-top-column elementor-element elementor-element-d8cd013\" data-id=\"d8cd013\" data-element_type=\"column\">\n\t\t\t<div class=\"elementor-widget-wrap elementor-element-populated\">\n\t\t\t\t\t\t\t\t<div class=\"elementor-element elementor-element-bfabb33 elementor-widget elementor-widget-image\" data-id=\"bfabb33\" data-element_type=\"widget\" data-widget_type=\"image.default\">\n\t\t\t\t<div class=\"elementor-widget-container\">\n\t\t\t\t\t\t\t\t\t\t\t\t\t\t\t\t<a href=\"https:\/\/videos.efi.com\/watch\/rH1JFF2MEb7456oMiv27er?\">\n\t\t\t\t\t\t\t<img loading=\"lazy\" decoding=\"async\" width=\"280\" height=\"180\" src=\"https:\/\/leadinforma.it\/fierydg\/wp-content\/uploads\/2021\/12\/Picture3-280x180.png\" class=\"attachment-post-thumbnail size-post-thumbnail\" alt=\"\" \/>\t\t\t\t\t\t\t\t<\/a>\n\t\t\t\t\t\t\t\t\t\t\t\t\t\t\t<\/div>\n\t\t\t\t<\/div>\n\t\t\t\t\t<\/div>\n\t\t<\/div>\n\t\t\t\t<div class=\"aux-parallax-section elementor-column elementor-col-66 elementor-top-column elementor-element elementor-element-8295e5c\" data-id=\"8295e5c\" data-element_type=\"column\">\n\t\t\t<div class=\"elementor-widget-wrap elementor-element-populated\">\n\t\t\t\t\t\t\t\t<div class=\"elementor-element elementor-element-063ab47 elementor-widget elementor-widget-text-editor\" data-id=\"063ab47\" data-element_type=\"widget\" data-widget_type=\"text-editor.default\">\n\t\t\t\t<div class=\"elementor-widget-container\">\n\t\t\t\t\t\t\t<h3 class=\"print-tech-heading\" style=\"margin: 0px; padding: 0px; border: 0px; outline: 0px; font-size: 20px; vertical-align: baseline; color: #993333; font-weight: normal; line-height: normal; font-family: Museo300Regular, Arial; letter-spacing: normal;\">Colore, qualit\u00e0 e controllo definitivi<\/h3><div>\u00a0<\/div><ul style=\"margin-right: 0px; margin-bottom: 15px; margin-left: 10px; padding-left: 10px; border-width: 0px; border-style: initial; outline: 0px; font-size: 14px; vertical-align: baseline; list-style-position: initial; color: #222222; font-family: Roboto, sans-serif, Arial;\"><li style=\"margin-bottom: 3px; padding: 0px; border: 0px; outline: 0px; vertical-align: baseline; line-height: 1.7;\">Controlli e verifica del colore a livello di stampa di prove significano risultati cromatici conformi agli standard del mercato, indipendentemente dall\u2019applicazione o dal prodotto realizzati. La gestione del colore sviluppata al 100% da EFI usando la tecnologia ICC, integrata da routine sofisticate e iterative di ottimizzazione delle tinte piatte e dei colori di quadricromia, garantisce colori di qualit\u00e0 superiore. I suoi algoritmi di retinatura sono stati sviluppati per ottimizzare la qualit\u00e0 di stampa e le prestazioni della stampante, offrendo colore, qualit\u00e0 e controllo del massimo livello nei tempi pi\u00f9 brevi.<\/li><\/ul>\t\t\t\t\t\t<\/div>\n\t\t\t\t<\/div>\n\t\t\t\t\t<\/div>\n\t\t<\/div>\n\t\t\t\t\t\t\t<\/div>\n\t\t<\/section>\n\t\t\t\t<section class=\"elementor-section elementor-top-section elementor-element elementor-element-0a1cd2e elementor-section-content-middle elementor-section-boxed elementor-section-height-default elementor-section-height-default\" data-id=\"0a1cd2e\" data-element_type=\"section\">\n\t\t\t\t\t\t<div class=\"elementor-container elementor-column-gap-default\">\n\t\t\t\t\t<div class=\"aux-parallax-section elementor-column elementor-col-33 elementor-top-column elementor-element elementor-element-3f591a9\" data-id=\"3f591a9\" data-element_type=\"column\">\n\t\t\t<div class=\"elementor-widget-wrap elementor-element-populated\">\n\t\t\t\t\t\t\t\t<div class=\"elementor-element elementor-element-7b8a6e9 elementor-widget elementor-widget-image\" data-id=\"7b8a6e9\" data-element_type=\"widget\" data-widget_type=\"image.default\">\n\t\t\t\t<div class=\"elementor-widget-container\">\n\t\t\t\t\t\t\t\t\t\t\t\t\t\t\t\t<a href=\"https:\/\/videos.efi.com\/watch\/WyFhKSHN5Yvds1rL1eW4UQ?\">\n\t\t\t\t\t\t\t<img loading=\"lazy\" decoding=\"async\" width=\"280\" height=\"180\" src=\"https:\/\/leadinforma.it\/fierydg\/wp-content\/uploads\/2021\/12\/Picture4-280x180.png\" class=\"attachment-post-thumbnail size-post-thumbnail\" alt=\"\" \/>\t\t\t\t\t\t\t\t<\/a>\n\t\t\t\t\t\t\t\t\t\t\t\t\t\t\t<\/div>\n\t\t\t\t<\/div>\n\t\t\t\t\t<\/div>\n\t\t<\/div>\n\t\t\t\t<div class=\"aux-parallax-section elementor-column elementor-col-66 elementor-top-column elementor-element elementor-element-fc05ad7\" data-id=\"fc05ad7\" data-element_type=\"column\">\n\t\t\t<div class=\"elementor-widget-wrap elementor-element-populated\">\n\t\t\t\t\t\t\t\t<div class=\"elementor-element elementor-element-b63336a elementor-widget elementor-widget-text-editor\" data-id=\"b63336a\" data-element_type=\"widget\" data-widget_type=\"text-editor.default\">\n\t\t\t\t<div class=\"elementor-widget-container\">\n\t\t\t\t\t\t\t<h3 class=\"print-tech-heading\" style=\"margin: 0px; padding: 0px; border: 0px; outline: 0px; font-size: 20px; vertical-align: baseline; color: #993333; font-weight: normal; line-height: normal; font-family: Museo300Regular, Arial; letter-spacing: normal;\">Produzione di stampa con competenze aziendali<\/h3><div>\u00a0<\/div><ul style=\"margin-right: 0px; margin-bottom: 15px; margin-left: 10px; padding-left: 10px; border-width: 0px; border-style: initial; outline: 0px; font-size: 14px; vertical-align: baseline; list-style-position: initial; color: #222222; font-family: Roboto, sans-serif, Arial;\"><li style=\"margin-bottom: 3px; padding: 0px; border: 0px; outline: 0px; vertical-align: baseline; line-height: 1.7;\">Fiery XF 7 ottimizza inoltre i profitti derivanti dalla produzione di stampa offrendo informazioni commerciali e mantenendo il funzionamento dell&#8217;attivit\u00e0 di stampa fluido ed efficiente. I server Fiery costituiscono il nodo centrale dell\u2019ecosistema EFI, e si collegano ai sistemi EFI MIS o web-to-print per l\u2019integrazione e l\u2019automazione della sala stampa. Se si aggiunge l\u2019assistenza globale e del massimo livello di EFI, si otterranno le soluzioni di front-end digitali pi\u00f9 adatte all\u2019ambiente commerciale disponibili sul mercato.<\/li><\/ul>\t\t\t\t\t\t<\/div>\n\t\t\t\t<\/div>\n\t\t\t\t\t<\/div>\n\t\t<\/div>\n\t\t\t\t\t\t\t<\/div>\n\t\t<\/section>\n\t\t\t\t<section class=\"elementor-section elementor-top-section elementor-element elementor-element-403025d elementor-section-content-middle elementor-section-boxed elementor-section-height-default elementor-section-height-default\" data-id=\"403025d\" data-element_type=\"section\">\n\t\t\t\t\t\t<div class=\"elementor-container elementor-column-gap-default\">\n\t\t\t\t\t<div class=\"aux-parallax-section elementor-column elementor-col-33 elementor-top-column elementor-element elementor-element-c03714d\" data-id=\"c03714d\" data-element_type=\"column\">\n\t\t\t<div class=\"elementor-widget-wrap elementor-element-populated\">\n\t\t\t\t\t\t\t\t<div class=\"elementor-element elementor-element-93ec3a2 elementor-widget elementor-widget-image\" data-id=\"93ec3a2\" data-element_type=\"widget\" data-widget_type=\"image.default\">\n\t\t\t\t<div class=\"elementor-widget-container\">\n\t\t\t\t\t\t\t\t\t\t\t\t\t\t\t\t<a href=\"https:\/\/videos.efi.com\/watch\/44X9URdYuPQRYDtcKMpEsc?\">\n\t\t\t\t\t\t\t<img loading=\"lazy\" decoding=\"async\" width=\"280\" height=\"180\" src=\"https:\/\/leadinforma.it\/fierydg\/wp-content\/uploads\/2021\/12\/Picture5-280x180.png\" class=\"attachment-post-thumbnail size-post-thumbnail\" alt=\"\" \/>\t\t\t\t\t\t\t\t<\/a>\n\t\t\t\t\t\t\t\t\t\t\t\t\t\t\t<\/div>\n\t\t\t\t<\/div>\n\t\t\t\t\t<\/div>\n\t\t<\/div>\n\t\t\t\t<div class=\"aux-parallax-section elementor-column elementor-col-66 elementor-top-column elementor-element elementor-element-77212e4\" data-id=\"77212e4\" data-element_type=\"column\">\n\t\t\t<div class=\"elementor-widget-wrap elementor-element-populated\">\n\t\t\t\t\t\t\t\t<div class=\"elementor-element elementor-element-923f64e elementor-widget elementor-widget-text-editor\" data-id=\"923f64e\" data-element_type=\"widget\" data-widget_type=\"text-editor.default\">\n\t\t\t\t<div class=\"elementor-widget-container\">\n\t\t\t\t\t\t\t<h3 class=\"print-tech-heading\" style=\"margin: 0px; padding: 0px; border: 0px; outline: 0px; vertical-align: baseline; font-weight: normal; line-height: normal; letter-spacing: normal;\"><span style=\"color: #993333; font-family: Museo300Regular, Arial;\"><span style=\"font-size: 20px;\">Unified print room<\/span><\/span><span style=\"color: #444444; font-family: Raleway, arial, sans-serif; font-size: 16.0016px;\">\u00a0<\/span><\/h3><ul style=\"margin-right: 0px; margin-bottom: 15px; margin-left: 10px; padding-left: 10px; border-width: 0px; border-style: initial; outline: 0px; font-size: 14px; vertical-align: baseline; list-style-position: initial; color: #222222; font-family: Roboto, sans-serif, Arial;\"><li style=\"margin-bottom: 3px; padding: 0px; border: 0px; outline: 0px; vertical-align: baseline; line-height: 1.7;\">Fiery XF 7 tramite la CommandWorkStation permette di unificare tutte le stampanti con un&#8217;unica interfaccia<\/li><\/ul>\t\t\t\t\t\t<\/div>\n\t\t\t\t<\/div>\n\t\t\t\t\t<\/div>\n\t\t<\/div>\n\t\t\t\t\t\t\t<\/div>\n\t\t<\/section>\n\t\t\t\t\t\t<\/div>\n\t\t\t\t\t<\/div>\n\t\t","protected":false},"excerpt":{"rendered":"<p>Gestione senza precedenti dei lavori di stampa \u00a0 Fiery XF 7 offre una nuova esperienza agli utenti con EFI Fiery Command WorkStation, l\u2019interfaccia pi\u00f9 nota a livello mondiale per la gestione, il layout e l\u2019editing dei lavori di stampa digitale. Questa soluzione si connette agevolmente a pi\u00f9 server Fiery contemporaneamente, sia che gestisca stampanti inkjet [&hellip;]<\/p>\n","protected":false},"author":1,"featured_media":0,"parent":53,"menu_order":0,"comment_status":"closed","ping_status":"closed","template":"","meta":{"footnotes":""},"class_list":["post-317","page","type-page","status-publish","hentry"],"yoast_head":"<!-- This site is optimized with the Yoast SEO plugin v18.3 - https:\/\/yoast.com\/wordpress\/plugins\/seo\/ -->\n<title>Fiery XF, maggiori informazioni - Fiery Display Graphics<\/title>\n<meta name=\"robots\" content=\"index, follow, max-snippet:-1, max-image-preview:large, max-video-preview:-1\" \/>\n<link rel=\"canonical\" href=\"https:\/\/leadinforma.it\/fierydg\/?page_id=317\" \/>\n<meta property=\"og:locale\" content=\"it_IT\" \/>\n<meta property=\"og:type\" content=\"article\" \/>\n<meta property=\"og:title\" content=\"Fiery XF, maggiori informazioni - Fiery Display Graphics\" \/>\n<meta property=\"og:description\" content=\"Gestione senza precedenti dei lavori di stampa \u00a0 Fiery XF 7 offre una nuova esperienza agli utenti con EFI Fiery Command WorkStation, l\u2019interfaccia pi\u00f9 nota a livello mondiale per la gestione, il layout e l\u2019editing dei lavori di stampa digitale. Questa soluzione si connette agevolmente a pi\u00f9 server Fiery contemporaneamente, sia che gestisca stampanti inkjet [&hellip;]\" \/>\n<meta property=\"og:url\" content=\"https:\/\/leadinforma.it\/fierydg\/?page_id=317\" \/>\n<meta property=\"og:site_name\" content=\"Fiery Display Graphics\" \/>\n<meta property=\"article:modified_time\" content=\"2022-03-11T15:25:05+00:00\" \/>\n<meta property=\"og:image\" content=\"https:\/\/leadinforma.it\/fierydg\/wp-content\/uploads\/2021\/12\/Picture1-280x180.png\" \/>\n<meta name=\"twitter:card\" content=\"summary_large_image\" \/>\n<meta name=\"twitter:label1\" content=\"Tempo di lettura stimato\" \/>\n\t<meta name=\"twitter:data1\" content=\"4 minuti\" \/>\n<script type=\"application\/ld+json\" class=\"yoast-schema-graph\">{\"@context\":\"https:\/\/schema.org\",\"@graph\":[{\"@type\":\"WebSite\",\"@id\":\"https:\/\/leadinforma.it\/fierydg\/#website\",\"url\":\"https:\/\/leadinforma.it\/fierydg\/\",\"name\":\"Fiery Display Graphics\",\"description\":\"EFI Fiery DG, la miglior suite software per la stampa\",\"potentialAction\":[{\"@type\":\"SearchAction\",\"target\":{\"@type\":\"EntryPoint\",\"urlTemplate\":\"https:\/\/leadinforma.it\/fierydg\/?s={search_term_string}\"},\"query-input\":\"required name=search_term_string\"}],\"inLanguage\":\"it-IT\"},{\"@type\":\"ImageObject\",\"@id\":\"https:\/\/leadinforma.it\/fierydg\/?page_id=317#primaryimage\",\"inLanguage\":\"it-IT\",\"url\":\"https:\/\/leadinforma.it\/fierydg\/wp-content\/uploads\/2021\/12\/Picture1.png\",\"contentUrl\":\"https:\/\/leadinforma.it\/fierydg\/wp-content\/uploads\/2021\/12\/Picture1.png\",\"width\":519,\"height\":325},{\"@type\":\"WebPage\",\"@id\":\"https:\/\/leadinforma.it\/fierydg\/?page_id=317#webpage\",\"url\":\"https:\/\/leadinforma.it\/fierydg\/?page_id=317\",\"name\":\"Fiery XF, maggiori informazioni - Fiery Display Graphics\",\"isPartOf\":{\"@id\":\"https:\/\/leadinforma.it\/fierydg\/#website\"},\"primaryImageOfPage\":{\"@id\":\"https:\/\/leadinforma.it\/fierydg\/?page_id=317#primaryimage\"},\"datePublished\":\"2021-12-09T16:06:14+00:00\",\"dateModified\":\"2022-03-11T15:25:05+00:00\",\"breadcrumb\":{\"@id\":\"https:\/\/leadinforma.it\/fierydg\/?page_id=317#breadcrumb\"},\"inLanguage\":\"it-IT\",\"potentialAction\":[{\"@type\":\"ReadAction\",\"target\":[\"https:\/\/leadinforma.it\/fierydg\/?page_id=317\"]}]},{\"@type\":\"BreadcrumbList\",\"@id\":\"https:\/\/leadinforma.it\/fierydg\/?page_id=317#breadcrumb\",\"itemListElement\":[{\"@type\":\"ListItem\",\"position\":1,\"name\":\"Home\",\"item\":\"https:\/\/leadinforma.it\/fierydg\/\"},{\"@type\":\"ListItem\",\"position\":2,\"name\":\"Prodotti\",\"item\":\"https:\/\/leadinforma.it\/fierydg\/?page_id=53\"},{\"@type\":\"ListItem\",\"position\":3,\"name\":\"Fiery XF, maggiori informazioni\"}]}]}<\/script>\n<!-- \/ Yoast SEO plugin. -->","yoast_head_json":{"title":"Fiery XF, maggiori informazioni - Fiery Display Graphics","robots":{"index":"index","follow":"follow","max-snippet":"max-snippet:-1","max-image-preview":"max-image-preview:large","max-video-preview":"max-video-preview:-1"},"canonical":"https:\/\/leadinforma.it\/fierydg\/?page_id=317","og_locale":"it_IT","og_type":"article","og_title":"Fiery XF, maggiori informazioni - Fiery Display Graphics","og_description":"Gestione senza precedenti dei lavori di stampa \u00a0 Fiery XF 7 offre una nuova esperienza agli utenti con EFI Fiery Command WorkStation, l\u2019interfaccia pi\u00f9 nota a livello mondiale per la gestione, il layout e l\u2019editing dei lavori di stampa digitale. Questa soluzione si connette agevolmente a pi\u00f9 server Fiery contemporaneamente, sia che gestisca stampanti inkjet [&hellip;]","og_url":"https:\/\/leadinforma.it\/fierydg\/?page_id=317","og_site_name":"Fiery Display Graphics","article_modified_time":"2022-03-11T15:25:05+00:00","og_image":[{"url":"https:\/\/leadinforma.it\/fierydg\/wp-content\/uploads\/2021\/12\/Picture1-280x180.png"}],"twitter_card":"summary_large_image","twitter_misc":{"Tempo di lettura stimato":"4 minuti"},"schema":{"@context":"https:\/\/schema.org","@graph":[{"@type":"WebSite","@id":"https:\/\/leadinforma.it\/fierydg\/#website","url":"https:\/\/leadinforma.it\/fierydg\/","name":"Fiery Display Graphics","description":"EFI Fiery DG, la miglior suite software per la stampa","potentialAction":[{"@type":"SearchAction","target":{"@type":"EntryPoint","urlTemplate":"https:\/\/leadinforma.it\/fierydg\/?s={search_term_string}"},"query-input":"required name=search_term_string"}],"inLanguage":"it-IT"},{"@type":"ImageObject","@id":"https:\/\/leadinforma.it\/fierydg\/?page_id=317#primaryimage","inLanguage":"it-IT","url":"https:\/\/leadinforma.it\/fierydg\/wp-content\/uploads\/2021\/12\/Picture1.png","contentUrl":"https:\/\/leadinforma.it\/fierydg\/wp-content\/uploads\/2021\/12\/Picture1.png","width":519,"height":325},{"@type":"WebPage","@id":"https:\/\/leadinforma.it\/fierydg\/?page_id=317#webpage","url":"https:\/\/leadinforma.it\/fierydg\/?page_id=317","name":"Fiery XF, maggiori informazioni - Fiery Display Graphics","isPartOf":{"@id":"https:\/\/leadinforma.it\/fierydg\/#website"},"primaryImageOfPage":{"@id":"https:\/\/leadinforma.it\/fierydg\/?page_id=317#primaryimage"},"datePublished":"2021-12-09T16:06:14+00:00","dateModified":"2022-03-11T15:25:05+00:00","breadcrumb":{"@id":"https:\/\/leadinforma.it\/fierydg\/?page_id=317#breadcrumb"},"inLanguage":"it-IT","potentialAction":[{"@type":"ReadAction","target":["https:\/\/leadinforma.it\/fierydg\/?page_id=317"]}]},{"@type":"BreadcrumbList","@id":"https:\/\/leadinforma.it\/fierydg\/?page_id=317#breadcrumb","itemListElement":[{"@type":"ListItem","position":1,"name":"Home","item":"https:\/\/leadinforma.it\/fierydg\/"},{"@type":"ListItem","position":2,"name":"Prodotti","item":"https:\/\/leadinforma.it\/fierydg\/?page_id=53"},{"@type":"ListItem","position":3,"name":"Fiery XF, maggiori informazioni"}]}]}},"_links":{"self":[{"href":"https:\/\/leadinforma.it\/fierydg\/index.php?rest_route=\/wp\/v2\/pages\/317","targetHints":{"allow":["GET"]}}],"collection":[{"href":"https:\/\/leadinforma.it\/fierydg\/index.php?rest_route=\/wp\/v2\/pages"}],"about":[{"href":"https:\/\/leadinforma.it\/fierydg\/index.php?rest_route=\/wp\/v2\/types\/page"}],"author":[{"embeddable":true,"href":"https:\/\/leadinforma.it\/fierydg\/index.php?rest_route=\/wp\/v2\/users\/1"}],"replies":[{"embeddable":true,"href":"https:\/\/leadinforma.it\/fierydg\/index.php?rest_route=%2Fwp%2Fv2%2Fcomments&post=317"}],"version-history":[{"count":44,"href":"https:\/\/leadinforma.it\/fierydg\/index.php?rest_route=\/wp\/v2\/pages\/317\/revisions"}],"predecessor-version":[{"id":776,"href":"https:\/\/leadinforma.it\/fierydg\/index.php?rest_route=\/wp\/v2\/pages\/317\/revisions\/776"}],"up":[{"embeddable":true,"href":"https:\/\/leadinforma.it\/fierydg\/index.php?rest_route=\/wp\/v2\/pages\/53"}],"wp:attachment":[{"href":"https:\/\/leadinforma.it\/fierydg\/index.php?rest_route=%2Fwp%2Fv2%2Fmedia&parent=317"}],"curies":[{"name":"wp","href":"https:\/\/api.w.org\/{rel}","templated":true}]}}